{"id":81,"date":"2022-02-03T12:31:05","date_gmt":"2022-02-03T11:31:05","guid":{"rendered":"http:\/\/nadaciazos.sk\/?page_id=81"},"modified":"2024-11-13T09:48:04","modified_gmt":"2024-11-13T08:48:04","slug":"home","status":"publish","type":"page","link":"https:\/\/www.nadaciazos.sk\/","title":{"rendered":"Nad\u00e1cia \u017dOS"},"content":{"rendered":"\n<link rel=\"stylesheet\" href=\"https:\/\/cdnjs.cloudflare.com\/ajax\/libs\/font-awesome\/4.7.0\/css\/font-awesome.min.css\">\n<title>Nad\u00e1cia \u017dOS<\/title>\n<div class=\"home-page-header\">\n    <div class=\"imageHome\"><\/div>\n    <div class=\"home-page-whiteblock\"><div class=\"text-block\"><h1>Nad\u00e1cia \u017dOS<\/h1><br><br><h2>Uch\u00e1dzame sa o 2% z Va\u0161ich dan\u00ed<br>pre pomoc zamestnancom<br>\u017dOS Trnava a spolupracuj\u00facim osob\u00e1m<\/h2><\/div><br><br>\n    <a href=\"https:\/\/www.nadaciazos.sk\/index.php\/darovanie\/\" class=\"button-red\">AKO DAROVA\u0164 2%<\/a>\n   <\/div>\n<\/div>\n<div class=\"homeSponsors\">\n<div class=\"sponsorZos\">\n<img decoding=\"async\" src=\"https:\/\/www.nadaciazos.sk\/wp-content\/uploads\/2022\/02\/logo-ZOS-tt-HD-float-1-3.webp\">\n<\/div>\n<div class=\"sponsorZos\">\n<img decoding=\"async\" src=\"https:\/\/www.nadaciazos.sk\/wp-content\/uploads\/2022\/02\/PLUS_logo_1335x300mm_press-1-3.png\">\n<\/div>\n<div class=\"sponsorZos\">\n<img decoding=\"async\" src=\"https:\/\/www.nadaciazos.sk\/wp-content\/uploads\/2024\/10\/automax2-1.jpg\">\n<\/div>\n<div class=\"sponsorZos\">\n<img decoding=\"async\" src=\"https:\/\/www.nadaciazos.sk\/wp-content\/uploads\/2022\/04\/lankwitzer.png\">\n<\/div>\n<div class=\"sponsorZos\">\n<img decoding=\"async\" src=\"https:\/\/www.nadaciazos.sk\/wp-content\/uploads\/2023\/08\/AG_Naradie_Logo.png\">\n<\/div>\n<div class=\"sponsorZos\">\n<img decoding=\"async\" src=\"https:\/\/www.nadaciazos.sk\/wp-content\/uploads\/2024\/11\/FROS_logo.jpg\">\n<\/div><\/div><\/div>\n\n\n\n<div class=\"wp-block-group homePageText has-white-background-color has-background\"><div class=\"wp-block-group__inner-container is-layout-flow wp-block-group-is-layout-flow\">\n<p class=\"has-medium-font-size\"><strong>NAD\u00c1CIA \u017dOS<\/strong> je neziskov\u00e1 organiz\u00e1cia, ktor\u00e1 je s\u00fa\u010das\u0165ou skupiny \u017dOS, najv\u00e4\u010d\u0161ej opravovne \u017eelezni\u010dn\u00fdch voz\u0148ov v strednej Eur\u00f3pe. Poslan\u00edm NAD\u00c1CIE \u017dOS je pom\u00e1ha\u0165 najm\u00e4 zamestnancom a spolupracuj\u00facim osob\u00e1m v \u0165a\u017ek\u00fdch \u017eivotn\u00fdch situ\u00e1ci\u00e1ch a tie\u017e podporova\u0165 verejnoprospe\u0161n\u00e9 aktivity najm\u00e4 v oblasti zdravia, vzdel\u00e1vania, \u0161portu, umenia.<\/p>\n\n\n\n<p><strong>Prispievame najm\u00e4 na:<\/strong><\/p>\n\n\n\n<ul class=\"wp-block-list\">\n<li>pomoc zamestnancom a spolupracuj\u00facim osob\u00e1m v \u0165a\u017ek\u00fdch \u017eivotn\u00fdch situ\u00e1ci\u00e1ch,<\/li>\n\n\n\n<li>pomoc zamestnancom a spolupracuj\u00facim osob\u00e1m&nbsp;pri zdravotn\u00fdch probl\u00e9moch,<\/li>\n\n\n\n<li>pomoc zamestnancom a spolupracuj\u00facim osob\u00e1m v&nbsp;soci\u00e1lnej oblasti,<\/li>\n\n\n\n<li>rozvoj verejnoprospe\u0161n\u00fdch aktiv\u00edt najm\u00e4 v oblasti zdravia, vzdel\u00e1vania, \u0161portu, umenia a&nbsp;pod.<\/li>\n<\/ul>\n\n\n\n<p><\/p>\n\n\n\n<p><\/p>\n\n\n\n<div class=\"wp-block-group filesToDw\"><div class=\"wp-block-group__inner-container is-layout-flow wp-block-group-is-layout-flow\">\n<div id=\"formular\" class=\"wp-block-file\"><a id=\"wp-block-file--media-30ce2b6f-9664-4097-9fa7-3631a172c7dd\" href=\"https:\/\/www.nadaciazos.sk\/wp-content\/uploads\/2022\/08\/Nada\u0301cia-ZOS-ziadost\u030c-F.O..docx\">Nada\u0301cia-ZOS-ziadost\u030c-F.O.<\/a><a href=\"https:\/\/www.nadaciazos.sk\/wp-content\/uploads\/2022\/08\/Nada\u0301cia-ZOS-ziadost\u030c-F.O..docx\" class=\"wp-block-file__button\" download aria-describedby=\"wp-block-file--media-30ce2b6f-9664-4097-9fa7-3631a172c7dd\">Stiahnu\u0165<\/a><\/div>\n\n\n\n<div class=\"wp-block-file\"><a id=\"wp-block-file--media-231f6640-7058-4270-9abd-af74884c2733\" href=\"https:\/\/www.nadaciazos.sk\/wp-content\/uploads\/2022\/02\/Nada\u0301cia-Z\u030cOS-z\u030ciadost\u030c-P.O.-2.docx\">Nada\u0301cia \u017dOS &#8211; \u017eiados\u0165 P.O.<\/a><a href=\"https:\/\/www.nadaciazos.sk\/wp-content\/uploads\/2022\/02\/Nada\u0301cia-Z\u030cOS-z\u030ciadost\u030c-P.O.-2.docx\" class=\"wp-block-file__button\" download aria-describedby=\"wp-block-file--media-231f6640-7058-4270-9abd-af74884c2733\">Stiahnu\u0165<\/a><\/div>\n<\/div><\/div>\n<\/div><\/div>\n","protected":false},"excerpt":{"rendered":"<p>Nad\u00e1cia \u017dOS Nad\u00e1cia \u017dOS Uch\u00e1dzame sa o 2% z Va\u0161ich dan\u00edpre pomoc zamestnancom\u017dOS Trnava a spolupracuj\u00facim osob\u00e1m AKO DAROVA\u0164 2% [&hellip;]<\/p>\n","protected":false},"author":1,"featured_media":0,"parent":0,"menu_order":0,"comment_status":"closed","ping_status":"closed","template":"","meta":{"footnotes":""},"class_list":["post-81","page","type-page","status-publish","hentry"],"_links":{"self":[{"href":"https:\/\/www.nadaciazos.sk\/index.php\/wp-json\/wp\/v2\/pages\/81","targetHints":{"allow":["GET"]}}],"collection":[{"href":"https:\/\/www.nadaciazos.sk\/index.php\/wp-json\/wp\/v2\/pages"}],"about":[{"href":"https:\/\/www.nadaciazos.sk\/index.php\/wp-json\/wp\/v2\/types\/page"}],"author":[{"embeddable":true,"href":"https:\/\/www.nadaciazos.sk\/index.php\/wp-json\/wp\/v2\/users\/1"}],"replies":[{"embeddable":true,"href":"https:\/\/www.nadaciazos.sk\/index.php\/wp-json\/wp\/v2\/comments?post=81"}],"version-history":[{"count":103,"href":"https:\/\/www.nadaciazos.sk\/index.php\/wp-json\/wp\/v2\/pages\/81\/revisions"}],"predecessor-version":[{"id":465,"href":"https:\/\/www.nadaciazos.sk\/index.php\/wp-json\/wp\/v2\/pages\/81\/revisions\/465"}],"wp:attachment":[{"href":"https:\/\/www.nadaciazos.sk\/index.php\/wp-json\/wp\/v2\/media?parent=81"}],"curies":[{"name":"wp","href":"https:\/\/api.w.org\/{rel}","templated":true}]}}