{"id":395,"date":"2024-03-14T15:24:11","date_gmt":"2024-03-14T14:24:11","guid":{"rendered":"https:\/\/www.nadaciazos.sk\/?page_id=395"},"modified":"2025-01-24T10:09:56","modified_gmt":"2025-01-24T09:09:56","slug":"darovanie","status":"publish","type":"page","link":"https:\/\/www.nadaciazos.sk\/index.php\/darovanie\/","title":{"rendered":"darovanie"},"content":{"rendered":"\n<div class=\"wp-block-group nadpis\"><div class=\"wp-block-group__inner-container is-layout-flow wp-block-group-is-layout-flow\">\n<p class=\"has-vivid-red-color has-text-color has-x-large-font-size\"><strong><strong>Tento rok sa Nad\u00e1cia \u017dOS Trnava op\u00e4\u0165 uch\u00e1dza o darovanie 2 % z dan\u00ed<\/strong><\/strong><\/p>\n<\/div><\/div>\n\n\n\n<div class=\"wp-block-group clanky\"><div class=\"wp-block-group__inner-container is-layout-flow wp-block-group-is-layout-flow\">\n<p>Nad\u00e1cia \u017dOS v roku 2024 pomohla sumou viac ako 42 000 eur zamestnancom, ich bl\u00edzkym, \u010di spolupracuj\u00facim osob\u00e1m a \u010fal\u0161\u00edm organiz\u00e1ci\u00e1m pri rie\u0161en\u00ed zdravotn\u00fdch, finan\u010dn\u00fdch probl\u00e9mov a tie\u017e pri podpore \u0161portov\u00fdch talentov i akci\u00ed. Okrem toho v\u00fdznamnou mierou podporila podujatia ako De\u0148 otvoren\u00fdch dver\u00ed 2024 ur\u010den\u00e9 pre zamestnancov a spolupracuj\u00face firmy so \u017dOS Trnava, a.s. a ich rodiny a oslavy 100. v\u00fdro\u010dia zalo\u017eenia a.s.<\/p>\n\n\n\n<p>Budeme ve\u013emi radi, ak sa rozhodnete podpori\u0165 svojimi 2 % Nad\u00e1ciu \u017dOS Trnava. Vyzbieran\u00e9 finan\u010dn\u00e9 prostriedky pou\u017eijeme v s\u00falade s na\u0161im poslan\u00edm \u2013 pom\u00e1ha\u0165 najm\u00e4 zamestnancom a spolupracuj\u00facim osob\u00e1m v \u0165a\u017ek\u00fdch \u017eivotn\u00fdch situ\u00e1ci\u00e1ch a tie\u017e podporova\u0165 verejnoprospe\u0161n\u00e9 aktivity najm\u00e4 v oblasti zdravia, vzdel\u00e1vania, \u0161portu a umenia.<\/p>\n\n\n\n<p>Vopred V\u00e1m za V\u00e1\u0161 pr\u00edspevok \u010fakujeme.<\/p>\n\n\n\n<h2 class=\"wp-block-heading has-vivid-red-color has-text-color has-link-color has-large-font-size wp-elements-677451660ddfb5f6bc97f3bc4bd8b30e\">Ako darova\u0165 2% dane Nad\u00e1ci\u00ed \u017dOS Trnava?<\/h2>\n\n\n\n<p><strong>1.&nbsp;&nbsp; <strong>Som zamestnanec \u017dOS Trnava<\/strong><\/strong><\/p>\n\n\n\n<p>Ak ste zamestnanec \u017dOS Trnava a odpracovali ste cel\u00fd rok 2024, \u017diados\u0165 k ro\u010dn\u00e9mu z\u00fa\u010dtovaniu V\u00e1m spracuj\u00fa automaticky v mzdovej u\u010dt\u00e1rni. Podp\u00edsan\u00fa \u017diados\u0165 odovzd\u00e1te na mzdovej u\u010dt\u00e1rni.<br>Ak chcete 2% dane darova\u0165 Nad\u00e1cii \u017dOS, n\u00e1sledne V\u00e1m pripravia predvyplnen\u00e9 tla\u010divo <a href=\"https:\/\/www.nadaciazos.sk\/wp-content\/uploads\/2025\/01\/Nadacia-ZOS-Trnava-Vyhlasenie2percenta2023.pdf\" target=\"_blank\" rel=\"noreferrer noopener\"><em><mark style=\"background-color:rgba(0, 0, 0, 0)\" class=\"has-inline-color has-vivid-red-color\">Vyhl\u00e1senie o pouk\u00e1zan\u00ed podielu zaplatenej dane z\u00a0pr\u00edjmov<\/mark><\/em><\/a> s\u00a0uveden\u00fdmi \u00fadajmi pre poskytnutie 2% dane.<\/p>\n\n\n\n<p><strong>2.&nbsp;&nbsp; <strong>Som fyzick\u00e1 osoba \u2013 \u017eivnostn\u00edk, ktor\u00e1 si pod\u00e1va da\u0148ov\u00e9 priznanie sama<\/strong><\/strong><\/p>\n\n\n\n<p>Pod\u013ea typu pr\u00edjmov, ktor\u00e9 ste v roku 2024 mali, vypl\u0148te\u00a0<strong>Da\u0148ov\u00e9 priznanie typu A<\/strong>\u00a0alebo\u00a0<strong>Da\u0148ov\u00e9 priznanie typu B<\/strong>. V r\u00e1mci neho vypo\u010d\u00edtate aj:<\/p>\n\n\n\n<ol style=\"list-style-type:lower-alpha\" class=\"wp-block-list\">\n<li><strong>2 % z Va\u0161ej zaplatenej dane<\/strong>&nbsp;\u2013 to je suma, ktor\u00fa m\u00f4\u017eete v prospech Nad\u00e1cie \u017dOS pouk\u00e1za\u0165. T\u00e1to suma v\u0161ak mus\u00ed by\u0165 minim\u00e1lne 3 \u20ac.<\/li>\n\n\n\n<li><strong>3 % z Va\u0161ej zaplatenej dane, ak ste v roku 2024 odpracovali dobrovo\u013en\u00edcky minim\u00e1lne 40 hod\u00edn\u00a0<\/strong>a z\u00edskate o tom Potvrdenie od organiz\u00e1cie\/organiz\u00e1ci\u00ed, pre ktor\u00e9 ste v roku 2024 dobrovo\u013en\u00edcky pracovali.<\/li>\n<\/ol>\n\n\n\n<p>Do pr\u00edslu\u0161n\u00fdch kol\u00f3nok V\u00e1\u0161ho da\u0148ov\u00e9ho priznania o venovan\u00ed 2% z dane&nbsp;<strong>vypl\u0148te \u00fadaje Nad\u00e1cie \u017dOS<\/strong>: <\/p>\n\n\n\n<p>I\u010cO\/SID:&nbsp;<strong>53779843&nbsp;<\/strong>(kol\u00f3nku SID za lom\u00edtkom nechajte pr\u00e1zdnu)<br>Pr\u00e1vna forma:&nbsp;<strong>neziskov\u00e1 organiz\u00e1cia<\/strong><br>Obchodn\u00e9 meno:&nbsp;<strong>Nad\u00e1cia \u017dOS Trnava<\/strong><br>S\u00eddlo (ulica):&nbsp;<strong>Koniarekova<\/strong><br>S\u00fapisn\u00e9 \u010d\u00edslo:&nbsp;<strong>19<\/strong><br>PS\u010c:&nbsp;<strong>917 21<\/strong><br>Obec:&nbsp;<strong>Trnava<\/strong><br><strong>Podp\u00ed\u0161te pol\u00ed\u010dko pri t\u00fdchto \u00fadajoch.<\/strong><\/p>\n\n\n\n<p>Kompletne vyplnen\u00e9 da\u0148ov\u00e9 priznanie\u00a0<strong>doru\u010dte do 31.03.2025<\/strong>\u00a0na da\u0148ov\u00fd \u00farad pod\u013ea V\u00e1\u0161ho bydliska. K tomuto d\u00e1tumu mus\u00edte tie\u017e zaplati\u0165 dane z pr\u00edjmov.<\/p>\n\n\n\n<p><strong>3.&nbsp; &nbsp;Som zamestnanec inej firmy a z\u00fa\u010dtovanie dane za m\u0148a rob\u00ed m\u00f4j zamestn\u00e1vate\u013e<\/strong><\/p>\n\n\n\n<p>Do 15.02.2025\u00a0po\u017eiadajte svojho zamestn\u00e1vate\u013ea o vykonanie ro\u010dn\u00e9ho z\u00fa\u010dtovania zaplaten\u00fdch preddavkov na da\u0148.<\/p>\n\n\n\n<p>Potom po\u017eiadajte zamestn\u00e1vate\u013ea, aby V\u00e1m vystavil tla\u010divo&nbsp;Potvrdenie o zaplaten\u00ed dane.&nbsp;Z tohto Potvrdenia si viete zisti\u0165 d\u00e1tum zaplatenia dane a vypo\u010d\u00edta\u0165:<\/p>\n\n\n\n<ol style=\"list-style-type:lower-alpha\" class=\"wp-block-list\">\n<li>2 % z Va\u0161ej zaplatenej dane&nbsp;\u2013 je suma, ktor\u00fa m\u00f4\u017eete v prospech Nad\u00e1cie \u017dOS pouk\u00e1za\u0165. T\u00e1to suma v\u0161ak mus\u00ed by\u0165 minim\u00e1lne 3 \u20ac.<\/li>\n\n\n\n<li>3 % z Va\u0161ej zaplatenej dane, ak ste v roku 2024 odpracovali dobrovo\u013en\u00edcky minim\u00e1lne 40 hod\u00edn\u00a0a z\u00edskate o tom\u00a0Potvrdenie od organiz\u00e1cie\/organiz\u00e1ci\u00ed, pre ktor\u00e9 ste v roku 2024 dobrovo\u013en\u00edcky pracovali.<\/li>\n<\/ol>\n\n\n\n<p>N\u00e1sledne vypl\u0148te a\u00a0podp\u00ed\u0161te tla\u010divo <a href=\"https:\/\/www.nadaciazos.sk\/wp-content\/uploads\/2025\/01\/Nadacia-ZOS-Trnava-Vyhlasenie2percenta2023.pdf\" target=\"_blank\" rel=\"noreferrer noopener\"><em><mark style=\"background-color:rgba(0, 0, 0, 0)\" class=\"has-inline-color has-vivid-red-color\">Vyhl\u00e1senie o pouk\u00e1zan\u00ed podielu zaplatenej dane z\u00a0pr\u00edjmov<\/mark><\/em><\/a> a\u00a0za\u0161lite ho na da\u0148ov\u00fd \u00farad pod\u013ea adresy V\u00e1\u0161ho bydliska.<\/p>\n<\/div><\/div>\n","protected":false},"excerpt":{"rendered":"<p>Tento rok sa Nad\u00e1cia \u017dOS Trnava op\u00e4\u0165 uch\u00e1dza o darovanie 2 % z dan\u00ed Nad\u00e1cia \u017dOS v roku 2024 pomohla [&hellip;]<\/p>\n","protected":false},"author":1,"featured_media":0,"parent":0,"menu_order":0,"comment_status":"closed","ping_status":"closed","template":"","meta":{"footnotes":""},"class_list":["post-395","page","type-page","status-publish","hentry"],"_links":{"self":[{"href":"https:\/\/www.nadaciazos.sk\/index.php\/wp-json\/wp\/v2\/pages\/395","targetHints":{"allow":["GET"]}}],"collection":[{"href":"https:\/\/www.nadaciazos.sk\/index.php\/wp-json\/wp\/v2\/pages"}],"about":[{"href":"https:\/\/www.nadaciazos.sk\/index.php\/wp-json\/wp\/v2\/types\/page"}],"author":[{"embeddable":true,"href":"https:\/\/www.nadaciazos.sk\/index.php\/wp-json\/wp\/v2\/users\/1"}],"replies":[{"embeddable":true,"href":"https:\/\/www.nadaciazos.sk\/index.php\/wp-json\/wp\/v2\/comments?post=395"}],"version-history":[{"count":6,"href":"https:\/\/www.nadaciazos.sk\/index.php\/wp-json\/wp\/v2\/pages\/395\/revisions"}],"predecessor-version":[{"id":470,"href":"https:\/\/www.nadaciazos.sk\/index.php\/wp-json\/wp\/v2\/pages\/395\/revisions\/470"}],"wp:attachment":[{"href":"https:\/\/www.nadaciazos.sk\/index.php\/wp-json\/wp\/v2\/media?parent=395"}],"curies":[{"name":"wp","href":"https:\/\/api.w.org\/{rel}","templated":true}]}}